{"id":14,"date":"2025-07-15T08:37:20","date_gmt":"2025-07-15T08:37:20","guid":{"rendered":"https:\/\/girobrokersgestions.rkinformatika.online\/?page_id=14"},"modified":"2025-07-16T07:29:40","modified_gmt":"2025-07-16T07:29:40","slug":"servicios","status":"publish","type":"page","link":"https:\/\/girobrokersgestions.com\/en\/servicios\/","title":{"rendered":"Services"},"content":{"rendered":"<div data-elementor-type=\"wp-page\" data-elementor-id=\"14\" class=\"elementor elementor-14\" data-elementor-post-type=\"page\">\n\t\t\t\t<div class=\"elementor-element elementor-element-bf5cbbe e-flex e-con-boxed e-con e-parent\" data-id=\"bf5cbbe\" data-element_type=\"container\" data-e-type=\"container\" data-settings=\"{&quot;background_background&quot;:&quot;classic&quot;}\">\n\t\t\t\t\t<div class=\"e-con-inner\">\n\t\t\t\t<div class=\"elementor-element elementor-element-a4734dd elementor-invisible elementor-widget elementor-widget-theme-post-title elementor-page-title elementor-widget-heading\" data-id=\"a4734dd\" data-element_type=\"widget\" data-e-type=\"widget\" data-settings=\"{&quot;_animation&quot;:&quot;zoomIn&quot;}\" data-widget_type=\"theme-post-title.default\">\n\t\t\t\t\t<h1 class=\"elementor-heading-title elementor-size-default\">Services<\/h1>\t\t\t\t<\/div>\n\t\t\t\t\t<\/div>\n\t\t\t\t<\/div>\n\t\t<div class=\"elementor-element elementor-element-10a7c08 e-flex e-con-boxed e-con e-parent\" data-id=\"10a7c08\" data-element_type=\"container\" data-e-type=\"container\">\n\t\t\t\t\t<div class=\"e-con-inner\">\n\t\t<div class=\"elementor-element elementor-element-5d20703 e-con-full e-flex e-con e-child\" data-id=\"5d20703\" data-element_type=\"container\" data-e-type=\"container\">\n\t\t\t\t<div class=\"elementor-element elementor-element-17993c3 elementor-widget elementor-widget-heading\" data-id=\"17993c3\" data-element_type=\"widget\" data-e-type=\"widget\" data-widget_type=\"heading.default\">\n\t\t\t\t\t<h2 class=\"elementor-heading-title elementor-size-default\">Tax Advisory<\/h2>\t\t\t\t<\/div>\n\t\t\t\t<div class=\"elementor-element elementor-element-22d6fb6 elementor-widget elementor-widget-text-editor\" data-id=\"22d6fb6\" data-element_type=\"widget\" data-e-type=\"widget\" data-widget_type=\"text-editor.default\">\n\t\t\t\t\t\t\t\t\t<p>Gesti\u00f3n y planificaci\u00f3n fiscal tanto para particulares como para empresas. Presentaci\u00f3n de impuestos, declaraciones fiscales, y optimizaci\u00f3n de la carga tributaria, cumpliendo con la normativa vigente.<\/p>\t\t\t\t\t\t\t\t<\/div>\n\t\t\t\t<\/div>\n\t\t<div class=\"elementor-element elementor-element-564ace3 e-con-full e-flex e-con e-child\" data-id=\"564ace3\" data-element_type=\"container\" data-e-type=\"container\">\n\t\t\t\t<div class=\"elementor-element elementor-element-0e7f8ad elementor-widget elementor-widget-image\" data-id=\"0e7f8ad\" data-element_type=\"widget\" data-e-type=\"widget\" data-widget_type=\"image.default\">\n\t\t\t\t\t\t\t\t\t\t\t\t\t\t\t<img fetchpriority=\"high\" decoding=\"async\" width=\"800\" height=\"534\" src=\"https:\/\/girobrokersgestions.com\/wp-content\/uploads\/2025\/07\/team-work-process-young-business-managers-crew-working-with-new-startup-project-laptop-wood-table-typing-keyboard-texting-message-analyse-graph-plans-1-1024x683.jpg\" class=\"attachment-large size-large wp-image-290\" alt=\"\" srcset=\"https:\/\/girobrokersgestions.com\/wp-content\/uploads\/2025\/07\/team-work-process-young-business-managers-crew-working-with-new-startup-project-laptop-wood-table-typing-keyboard-texting-message-analyse-graph-plans-1-1024x683.jpg 1024w, https:\/\/girobrokersgestions.com\/wp-content\/uploads\/2025\/07\/team-work-process-young-business-managers-crew-working-with-new-startup-project-laptop-wood-table-typing-keyboard-texting-message-analyse-graph-plans-1-300x200.jpg 300w, https:\/\/girobrokersgestions.com\/wp-content\/uploads\/2025\/07\/team-work-process-young-business-managers-crew-working-with-new-startup-project-laptop-wood-table-typing-keyboard-texting-message-analyse-graph-plans-1-768x512.jpg 768w, https:\/\/girobrokersgestions.com\/wp-content\/uploads\/2025\/07\/team-work-process-young-business-managers-crew-working-with-new-startup-project-laptop-wood-table-typing-keyboard-texting-message-analyse-graph-plans-1-1536x1024.jpg 1536w, https:\/\/girobrokersgestions.com\/wp-content\/uploads\/2025\/07\/team-work-process-young-business-managers-crew-working-with-new-startup-project-laptop-wood-table-typing-keyboard-texting-message-analyse-graph-plans-1-2048x1365.jpg 2048w, https:\/\/girobrokersgestions.com\/wp-content\/uploads\/2025\/07\/team-work-process-young-business-managers-crew-working-with-new-startup-project-laptop-wood-table-typing-keyboard-texting-message-analyse-graph-plans-1-18x12.jpg 18w\" sizes=\"(max-width: 800px) 100vw, 800px\" \/>\t\t\t\t\t\t\t\t\t\t\t\t\t\t\t<\/div>\n\t\t\t\t<\/div>\n\t\t\t\t\t<\/div>\n\t\t\t\t<\/div>\n\t\t<div class=\"elementor-element elementor-element-6bba2b8 e-flex e-con-boxed e-con e-parent\" data-id=\"6bba2b8\" data-element_type=\"container\" data-e-type=\"container\">\n\t\t\t\t\t<div class=\"e-con-inner\">\n\t\t<div class=\"elementor-element elementor-element-7bf7e6c e-con-full e-flex e-con e-child\" data-id=\"7bf7e6c\" data-element_type=\"container\" data-e-type=\"container\">\n\t\t\t\t<div class=\"elementor-element elementor-element-289ef67 elementor-widget elementor-widget-heading\" data-id=\"289ef67\" data-element_type=\"widget\" data-e-type=\"widget\" data-widget_type=\"heading.default\">\n\t\t\t\t\t<h2 class=\"elementor-heading-title elementor-size-default\">Labor Advisory<\/h2>\t\t\t\t<\/div>\n\t\t\t\t<div class=\"elementor-element elementor-element-b9cb7fd elementor-widget elementor-widget-text-editor\" data-id=\"b9cb7fd\" data-element_type=\"widget\" data-e-type=\"widget\" data-widget_type=\"text-editor.default\">\n\t\t\t\t\t\t\t\t\t<p>Elaboraci\u00f3n de n\u00f3minas, contratos laborales, altas y bajas en la Seguridad Social, as\u00ed como gesti\u00f3n de despidos, ERTES y asesoramiento legal laboral para empresas y trabajadores aut\u00f3nomos.<\/p>\t\t\t\t\t\t\t\t<\/div>\n\t\t\t\t<\/div>\n\t\t<div class=\"elementor-element elementor-element-1be7131 e-con-full e-flex e-con e-child\" data-id=\"1be7131\" data-element_type=\"container\" data-e-type=\"container\">\n\t\t\t\t<div class=\"elementor-element elementor-element-177fbf6 elementor-widget elementor-widget-image\" data-id=\"177fbf6\" data-element_type=\"widget\" data-e-type=\"widget\" data-widget_type=\"image.default\">\n\t\t\t\t\t\t\t\t\t\t\t\t\t\t\t<img decoding=\"async\" width=\"800\" height=\"534\" src=\"https:\/\/girobrokersgestions.com\/wp-content\/uploads\/2025\/07\/job-candidate-closing-deal-with-potential-employers-1024x683.jpg\" class=\"attachment-large size-large wp-image-282\" alt=\"\" srcset=\"https:\/\/girobrokersgestions.com\/wp-content\/uploads\/2025\/07\/job-candidate-closing-deal-with-potential-employers-1024x683.jpg 1024w, https:\/\/girobrokersgestions.com\/wp-content\/uploads\/2025\/07\/job-candidate-closing-deal-with-potential-employers-300x200.jpg 300w, https:\/\/girobrokersgestions.com\/wp-content\/uploads\/2025\/07\/job-candidate-closing-deal-with-potential-employers-768x512.jpg 768w, https:\/\/girobrokersgestions.com\/wp-content\/uploads\/2025\/07\/job-candidate-closing-deal-with-potential-employers-1536x1024.jpg 1536w, https:\/\/girobrokersgestions.com\/wp-content\/uploads\/2025\/07\/job-candidate-closing-deal-with-potential-employers-2048x1365.jpg 2048w, https:\/\/girobrokersgestions.com\/wp-content\/uploads\/2025\/07\/job-candidate-closing-deal-with-potential-employers-18x12.jpg 18w\" sizes=\"(max-width: 800px) 100vw, 800px\" \/>\t\t\t\t\t\t\t\t\t\t\t\t\t\t\t<\/div>\n\t\t\t\t<\/div>\n\t\t\t\t\t<\/div>\n\t\t\t\t<\/div>\n\t\t<div class=\"elementor-element elementor-element-73c18e6 e-flex e-con-boxed e-con e-parent\" data-id=\"73c18e6\" data-element_type=\"container\" data-e-type=\"container\">\n\t\t\t\t\t<div class=\"e-con-inner\">\n\t\t<div class=\"elementor-element elementor-element-e17d73b e-con-full e-flex e-con e-child\" data-id=\"e17d73b\" data-element_type=\"container\" data-e-type=\"container\">\n\t\t\t\t<div class=\"elementor-element elementor-element-67b279e elementor-widget elementor-widget-heading\" data-id=\"67b279e\" data-element_type=\"widget\" data-e-type=\"widget\" data-widget_type=\"heading.default\">\n\t\t\t\t\t<h2 class=\"elementor-heading-title elementor-size-default\">Accounting Advisory<\/h2>\t\t\t\t<\/div>\n\t\t\t\t<div class=\"elementor-element elementor-element-3029b36 elementor-widget elementor-widget-text-editor\" data-id=\"3029b36\" data-element_type=\"widget\" data-e-type=\"widget\" data-widget_type=\"text-editor.default\">\n\t\t\t\t\t\t\t\t\t<p>Llevan za de la contabilidad general de empresas y aut\u00f3nomos. Confecci\u00f3n de libros contables, balances y cuentas anuales. Control econ\u00f3mico-financiero y asesoramiento para la toma de decisiones.<\/p>\t\t\t\t\t\t\t\t<\/div>\n\t\t\t\t<\/div>\n\t\t<div class=\"elementor-element elementor-element-8b8fb1b e-con-full e-flex e-con e-child\" data-id=\"8b8fb1b\" data-element_type=\"container\" data-e-type=\"container\">\n\t\t\t\t<div class=\"elementor-element elementor-element-eac6caa elementor-widget elementor-widget-image\" data-id=\"eac6caa\" data-element_type=\"widget\" data-e-type=\"widget\" data-widget_type=\"image.default\">\n\t\t\t\t\t\t\t\t\t\t\t\t\t\t\t<img decoding=\"async\" width=\"800\" height=\"534\" src=\"https:\/\/girobrokersgestions.com\/wp-content\/uploads\/2025\/07\/successful-businessman-working-1024x683.jpg\" class=\"attachment-large size-large wp-image-288\" alt=\"\" srcset=\"https:\/\/girobrokersgestions.com\/wp-content\/uploads\/2025\/07\/successful-businessman-working-1024x683.jpg 1024w, https:\/\/girobrokersgestions.com\/wp-content\/uploads\/2025\/07\/successful-businessman-working-300x200.jpg 300w, https:\/\/girobrokersgestions.com\/wp-content\/uploads\/2025\/07\/successful-businessman-working-768x512.jpg 768w, https:\/\/girobrokersgestions.com\/wp-content\/uploads\/2025\/07\/successful-businessman-working-1536x1024.jpg 1536w, https:\/\/girobrokersgestions.com\/wp-content\/uploads\/2025\/07\/successful-businessman-working-2048x1365.jpg 2048w, https:\/\/girobrokersgestions.com\/wp-content\/uploads\/2025\/07\/successful-businessman-working-18x12.jpg 18w\" sizes=\"(max-width: 800px) 100vw, 800px\" \/>\t\t\t\t\t\t\t\t\t\t\t\t\t\t\t<\/div>\n\t\t\t\t<\/div>\n\t\t\t\t\t<\/div>\n\t\t\t\t<\/div>\n\t\t<div class=\"elementor-element elementor-element-2bccd5e e-flex e-con-boxed e-con e-parent\" data-id=\"2bccd5e\" data-element_type=\"container\" data-e-type=\"container\">\n\t\t\t\t\t<div class=\"e-con-inner\">\n\t\t<div class=\"elementor-element elementor-element-591b716 e-con-full e-flex e-con e-child\" data-id=\"591b716\" data-element_type=\"container\" data-e-type=\"container\">\n\t\t\t\t<div class=\"elementor-element elementor-element-f06ac70 elementor-widget elementor-widget-heading\" data-id=\"f06ac70\" data-element_type=\"widget\" data-e-type=\"widget\" data-widget_type=\"heading.default\">\n\t\t\t\t\t<h2 class=\"elementor-heading-title elementor-size-default\">Gestor\u00eda Administrativa<\/h2>\t\t\t\t<\/div>\n\t\t\t\t<div class=\"elementor-element elementor-element-aa16620 elementor-widget elementor-widget-text-editor\" data-id=\"aa16620\" data-element_type=\"widget\" data-e-type=\"widget\" data-widget_type=\"text-editor.default\">\n\t\t\t\t\t\t\t\t\t<p>Tramitaci\u00f3n de documentaci\u00f3n ante organismos p\u00fablicos y privados: transferencias de veh\u00edculos, certificados digitales, licencias de actividad, empadronamientos, herencias, y otros tr\u00e1mites legales o administrativos.<\/p>\t\t\t\t\t\t\t\t<\/div>\n\t\t\t\t<\/div>\n\t\t<div class=\"elementor-element elementor-element-90b09b9 e-con-full e-flex e-con e-child\" data-id=\"90b09b9\" data-element_type=\"container\" data-e-type=\"container\">\n\t\t\t\t<div class=\"elementor-element elementor-element-c7bc1df elementor-widget elementor-widget-image\" data-id=\"c7bc1df\" data-element_type=\"widget\" data-e-type=\"widget\" data-widget_type=\"image.default\">\n\t\t\t\t\t\t\t\t\t\t\t\t\t\t\t<img loading=\"lazy\" decoding=\"async\" width=\"800\" height=\"534\" src=\"https:\/\/girobrokersgestions.com\/wp-content\/uploads\/2025\/07\/people-office-analyzing-checking-finance-graphs-1024x684.jpg\" class=\"attachment-large size-large wp-image-284\" alt=\"\" srcset=\"https:\/\/girobrokersgestions.com\/wp-content\/uploads\/2025\/07\/people-office-analyzing-checking-finance-graphs-1024x684.jpg 1024w, https:\/\/girobrokersgestions.com\/wp-content\/uploads\/2025\/07\/people-office-analyzing-checking-finance-graphs-300x200.jpg 300w, https:\/\/girobrokersgestions.com\/wp-content\/uploads\/2025\/07\/people-office-analyzing-checking-finance-graphs-768x513.jpg 768w, https:\/\/girobrokersgestions.com\/wp-content\/uploads\/2025\/07\/people-office-analyzing-checking-finance-graphs-1536x1025.jpg 1536w, https:\/\/girobrokersgestions.com\/wp-content\/uploads\/2025\/07\/people-office-analyzing-checking-finance-graphs-2048x1367.jpg 2048w, https:\/\/girobrokersgestions.com\/wp-content\/uploads\/2025\/07\/people-office-analyzing-checking-finance-graphs-18x12.jpg 18w\" sizes=\"(max-width: 800px) 100vw, 800px\" \/>\t\t\t\t\t\t\t\t\t\t\t\t\t\t\t<\/div>\n\t\t\t\t<\/div>\n\t\t\t\t\t<\/div>\n\t\t\t\t<\/div>\n\t\t<div class=\"elementor-element elementor-element-2dcaa90 e-flex e-con-boxed e-con e-parent\" data-id=\"2dcaa90\" data-element_type=\"container\" data-e-type=\"container\">\n\t\t\t\t\t<div class=\"e-con-inner\">\n\t\t<div class=\"elementor-element elementor-element-94fea95 e-con-full e-flex e-con e-child\" data-id=\"94fea95\" data-element_type=\"container\" data-e-type=\"container\">\n\t\t\t\t<div class=\"elementor-element elementor-element-24f1533 elementor-widget elementor-widget-heading\" data-id=\"24f1533\" data-element_type=\"widget\" data-e-type=\"widget\" data-widget_type=\"heading.default\">\n\t\t\t\t\t<h2 class=\"elementor-heading-title elementor-size-default\">Personalized attention and consulting<\/h2>\t\t\t\t<\/div>\n\t\t\t\t<div class=\"elementor-element elementor-element-86ae5c6 elementor-widget elementor-widget-text-editor\" data-id=\"86ae5c6\" data-element_type=\"widget\" data-e-type=\"widget\" data-widget_type=\"text-editor.default\">\n\t\t\t\t\t\t\t\t\t<p>Servicio cercano y profesional, con soluciones adaptadas a cada cliente, ya sea particular, aut\u00f3nomo o empresa.<\/p>\t\t\t\t\t\t\t\t<\/div>\n\t\t\t\t<\/div>\n\t\t<div class=\"elementor-element elementor-element-bc19b23 e-con-full e-flex e-con e-child\" data-id=\"bc19b23\" data-element_type=\"container\" data-e-type=\"container\">\n\t\t\t\t<div class=\"elementor-element elementor-element-1c105e4 elementor-widget elementor-widget-image\" data-id=\"1c105e4\" data-element_type=\"widget\" data-e-type=\"widget\" data-widget_type=\"image.default\">\n\t\t\t\t\t\t\t\t\t\t\t\t\t\t\t<img loading=\"lazy\" decoding=\"async\" width=\"800\" height=\"534\" src=\"https:\/\/girobrokersgestions.com\/wp-content\/uploads\/2025\/07\/business-partners-working-office-1024x683.jpg\" class=\"attachment-large size-large wp-image-274\" alt=\"\" srcset=\"https:\/\/girobrokersgestions.com\/wp-content\/uploads\/2025\/07\/business-partners-working-office-1024x683.jpg 1024w, https:\/\/girobrokersgestions.com\/wp-content\/uploads\/2025\/07\/business-partners-working-office-300x200.jpg 300w, https:\/\/girobrokersgestions.com\/wp-content\/uploads\/2025\/07\/business-partners-working-office-768x512.jpg 768w, https:\/\/girobrokersgestions.com\/wp-content\/uploads\/2025\/07\/business-partners-working-office-1536x1024.jpg 1536w, https:\/\/girobrokersgestions.com\/wp-content\/uploads\/2025\/07\/business-partners-working-office-2048x1366.jpg 2048w, https:\/\/girobrokersgestions.com\/wp-content\/uploads\/2025\/07\/business-partners-working-office-18x12.jpg 18w\" sizes=\"(max-width: 800px) 100vw, 800px\" \/>\t\t\t\t\t\t\t\t\t\t\t\t\t\t\t<\/div>\n\t\t\t\t<\/div>\n\t\t\t\t\t<\/div>\n\t\t\t\t<\/div>\n\t\t\t\t<\/div>","protected":false},"excerpt":{"rendered":"<p>Asesor\u00eda Fiscal Gesti\u00f3n y planificaci\u00f3n fiscal tanto para particulares como para empresas. Presentaci\u00f3n de impuestos, declaraciones fiscales, y optimizaci\u00f3n de la carga tributaria, cumpliendo con la normativa vigente. Asesor\u00eda Laboral Elaboraci\u00f3n de n\u00f3minas, contratos laborales, altas y bajas en la Seguridad Social, as\u00ed como gesti\u00f3n de despidos, ERTES y asesoramiento legal laboral para empresas y [&hellip;]<\/p>\n","protected":false},"author":1,"featured_media":0,"parent":0,"menu_order":0,"comment_status":"closed","ping_status":"closed","template":"elementor_canvas","meta":{"footnotes":""},"class_list":["post-14","page","type-page","status-publish","hentry"],"yoast_head":"<!-- This site is optimized with the Yoast SEO plugin v27.3 - https:\/\/yoast.com\/product\/yoast-seo-wordpress\/ -->\n<title>Servicios - Girobrokers Gestions<\/title>\n<meta name=\"robots\" content=\"index, follow, max-snippet:-1, max-image-preview:large, max-video-preview:-1\" \/>\n<link rel=\"canonical\" href=\"https:\/\/girobrokersgestions.com\/en\/servicios\/\" \/>\n<meta property=\"og:locale\" content=\"en_GB\" \/>\n<meta property=\"og:type\" content=\"article\" \/>\n<meta property=\"og:title\" content=\"Servicios - Girobrokers Gestions\" \/>\n<meta property=\"og:description\" content=\"Asesor\u00eda Fiscal Gesti\u00f3n y planificaci\u00f3n fiscal tanto para particulares como para empresas. Presentaci\u00f3n de impuestos, declaraciones fiscales, y optimizaci\u00f3n de la carga tributaria, cumpliendo con la normativa vigente. Asesor\u00eda Laboral Elaboraci\u00f3n de n\u00f3minas, contratos laborales, altas y bajas en la Seguridad Social, as\u00ed como gesti\u00f3n de despidos, ERTES y asesoramiento legal laboral para empresas y [&hellip;]\" \/>\n<meta property=\"og:url\" content=\"https:\/\/girobrokersgestions.com\/en\/servicios\/\" \/>\n<meta property=\"og:site_name\" content=\"Girobrokers Gestions\" \/>\n<meta property=\"article:modified_time\" content=\"2025-07-16T07:29:40+00:00\" \/>\n<meta property=\"og:image\" content=\"https:\/\/girobrokersgestions.com\/wp-content\/uploads\/2025\/07\/team-work-process-young-business-managers-crew-working-with-new-startup-project-laptop-wood-table-typing-keyboard-texting-message-analyse-graph-plans-1-1024x683.jpg\" \/>\n<meta name=\"twitter:card\" content=\"summary_large_image\" \/>\n<meta name=\"twitter:label1\" content=\"Estimated reading time\" \/>\n\t<meta name=\"twitter:data1\" content=\"1 minute\" \/>\n<script type=\"application\/ld+json\" class=\"yoast-schema-graph\">{\"@context\":\"https:\\\/\\\/schema.org\",\"@graph\":[{\"@type\":\"WebPage\",\"@id\":\"https:\\\/\\\/girobrokersgestions.com\\\/servicios\\\/\",\"url\":\"https:\\\/\\\/girobrokersgestions.com\\\/servicios\\\/\",\"name\":\"Servicios - Girobrokers Gestions\",\"isPartOf\":{\"@id\":\"https:\\\/\\\/girobrokersgestions.com\\\/#website\"},\"primaryImageOfPage\":{\"@id\":\"https:\\\/\\\/girobrokersgestions.com\\\/servicios\\\/#primaryimage\"},\"image\":{\"@id\":\"https:\\\/\\\/girobrokersgestions.com\\\/servicios\\\/#primaryimage\"},\"thumbnailUrl\":\"https:\\\/\\\/girobrokersgestions.com\\\/wp-content\\\/uploads\\\/2025\\\/07\\\/team-work-process-young-business-managers-crew-working-with-new-startup-project-laptop-wood-table-typing-keyboard-texting-message-analyse-graph-plans-1-1024x683.jpg\",\"datePublished\":\"2025-07-15T08:37:20+00:00\",\"dateModified\":\"2025-07-16T07:29:40+00:00\",\"breadcrumb\":{\"@id\":\"https:\\\/\\\/girobrokersgestions.com\\\/servicios\\\/#breadcrumb\"},\"inLanguage\":\"en-GB\",\"potentialAction\":[{\"@type\":\"ReadAction\",\"target\":[\"https:\\\/\\\/girobrokersgestions.com\\\/servicios\\\/\"]}]},{\"@type\":\"ImageObject\",\"inLanguage\":\"en-GB\",\"@id\":\"https:\\\/\\\/girobrokersgestions.com\\\/servicios\\\/#primaryimage\",\"url\":\"https:\\\/\\\/girobrokersgestions.com\\\/wp-content\\\/uploads\\\/2025\\\/07\\\/team-work-process-young-business-managers-crew-working-with-new-startup-project-laptop-wood-table-typing-keyboard-texting-message-analyse-graph-plans-1-1024x683.jpg\",\"contentUrl\":\"https:\\\/\\\/girobrokersgestions.com\\\/wp-content\\\/uploads\\\/2025\\\/07\\\/team-work-process-young-business-managers-crew-working-with-new-startup-project-laptop-wood-table-typing-keyboard-texting-message-analyse-graph-plans-1-1024x683.jpg\"},{\"@type\":\"BreadcrumbList\",\"@id\":\"https:\\\/\\\/girobrokersgestions.com\\\/servicios\\\/#breadcrumb\",\"itemListElement\":[{\"@type\":\"ListItem\",\"position\":1,\"name\":\"Portada\",\"item\":\"https:\\\/\\\/girobrokersgestions.com\\\/\"},{\"@type\":\"ListItem\",\"position\":2,\"name\":\"Servicios\"}]},{\"@type\":\"WebSite\",\"@id\":\"https:\\\/\\\/girobrokersgestions.com\\\/#website\",\"url\":\"https:\\\/\\\/girobrokersgestions.com\\\/\",\"name\":\"Girobrokers Gestions\",\"description\":\"\",\"publisher\":{\"@id\":\"https:\\\/\\\/girobrokersgestions.com\\\/#organization\"},\"potentialAction\":[{\"@type\":\"SearchAction\",\"target\":{\"@type\":\"EntryPoint\",\"urlTemplate\":\"https:\\\/\\\/girobrokersgestions.com\\\/?s={search_term_string}\"},\"query-input\":{\"@type\":\"PropertyValueSpecification\",\"valueRequired\":true,\"valueName\":\"search_term_string\"}}],\"inLanguage\":\"en-GB\"},{\"@type\":\"Organization\",\"@id\":\"https:\\\/\\\/girobrokersgestions.com\\\/#organization\",\"name\":\"Girobrokers Gestions\",\"url\":\"https:\\\/\\\/girobrokersgestions.com\\\/\",\"logo\":{\"@type\":\"ImageObject\",\"inLanguage\":\"en-GB\",\"@id\":\"https:\\\/\\\/girobrokersgestions.com\\\/#\\\/schema\\\/logo\\\/image\\\/\",\"url\":\"https:\\\/\\\/girobrokersgestions.com\\\/wp-content\\\/uploads\\\/2025\\\/07\\\/cropped-Diseno-sin-titulo-e1752569496259-1.png\",\"contentUrl\":\"https:\\\/\\\/girobrokersgestions.com\\\/wp-content\\\/uploads\\\/2025\\\/07\\\/cropped-Diseno-sin-titulo-e1752569496259-1.png\",\"width\":484,\"height\":138,\"caption\":\"Girobrokers Gestions\"},\"image\":{\"@id\":\"https:\\\/\\\/girobrokersgestions.com\\\/#\\\/schema\\\/logo\\\/image\\\/\"}}]}<\/script>\n<!-- \/ Yoast SEO plugin. -->","yoast_head_json":{"title":"Servicios - Girobrokers Gestions","robots":{"index":"index","follow":"follow","max-snippet":"max-snippet:-1","max-image-preview":"max-image-preview:large","max-video-preview":"max-video-preview:-1"},"canonical":"https:\/\/girobrokersgestions.com\/en\/servicios\/","og_locale":"en_GB","og_type":"article","og_title":"Servicios - Girobrokers Gestions","og_description":"Asesor\u00eda Fiscal Gesti\u00f3n y planificaci\u00f3n fiscal tanto para particulares como para empresas. Presentaci\u00f3n de impuestos, declaraciones fiscales, y optimizaci\u00f3n de la carga tributaria, cumpliendo con la normativa vigente. Asesor\u00eda Laboral Elaboraci\u00f3n de n\u00f3minas, contratos laborales, altas y bajas en la Seguridad Social, as\u00ed como gesti\u00f3n de despidos, ERTES y asesoramiento legal laboral para empresas y [&hellip;]","og_url":"https:\/\/girobrokersgestions.com\/en\/servicios\/","og_site_name":"Girobrokers Gestions","article_modified_time":"2025-07-16T07:29:40+00:00","og_image":[{"url":"https:\/\/girobrokersgestions.com\/wp-content\/uploads\/2025\/07\/team-work-process-young-business-managers-crew-working-with-new-startup-project-laptop-wood-table-typing-keyboard-texting-message-analyse-graph-plans-1-1024x683.jpg","type":"","width":"","height":""}],"twitter_card":"summary_large_image","twitter_misc":{"Estimated reading time":"1 minute"},"schema":{"@context":"https:\/\/schema.org","@graph":[{"@type":"WebPage","@id":"https:\/\/girobrokersgestions.com\/servicios\/","url":"https:\/\/girobrokersgestions.com\/servicios\/","name":"Servicios - Girobrokers Gestions","isPartOf":{"@id":"https:\/\/girobrokersgestions.com\/#website"},"primaryImageOfPage":{"@id":"https:\/\/girobrokersgestions.com\/servicios\/#primaryimage"},"image":{"@id":"https:\/\/girobrokersgestions.com\/servicios\/#primaryimage"},"thumbnailUrl":"https:\/\/girobrokersgestions.com\/wp-content\/uploads\/2025\/07\/team-work-process-young-business-managers-crew-working-with-new-startup-project-laptop-wood-table-typing-keyboard-texting-message-analyse-graph-plans-1-1024x683.jpg","datePublished":"2025-07-15T08:37:20+00:00","dateModified":"2025-07-16T07:29:40+00:00","breadcrumb":{"@id":"https:\/\/girobrokersgestions.com\/servicios\/#breadcrumb"},"inLanguage":"en-GB","potentialAction":[{"@type":"ReadAction","target":["https:\/\/girobrokersgestions.com\/servicios\/"]}]},{"@type":"ImageObject","inLanguage":"en-GB","@id":"https:\/\/girobrokersgestions.com\/servicios\/#primaryimage","url":"https:\/\/girobrokersgestions.com\/wp-content\/uploads\/2025\/07\/team-work-process-young-business-managers-crew-working-with-new-startup-project-laptop-wood-table-typing-keyboard-texting-message-analyse-graph-plans-1-1024x683.jpg","contentUrl":"https:\/\/girobrokersgestions.com\/wp-content\/uploads\/2025\/07\/team-work-process-young-business-managers-crew-working-with-new-startup-project-laptop-wood-table-typing-keyboard-texting-message-analyse-graph-plans-1-1024x683.jpg"},{"@type":"BreadcrumbList","@id":"https:\/\/girobrokersgestions.com\/servicios\/#breadcrumb","itemListElement":[{"@type":"ListItem","position":1,"name":"Portada","item":"https:\/\/girobrokersgestions.com\/"},{"@type":"ListItem","position":2,"name":"Servicios"}]},{"@type":"WebSite","@id":"https:\/\/girobrokersgestions.com\/#website","url":"https:\/\/girobrokersgestions.com\/","name":"Girobrokers Gestions","description":"","publisher":{"@id":"https:\/\/girobrokersgestions.com\/#organization"},"potentialAction":[{"@type":"SearchAction","target":{"@type":"EntryPoint","urlTemplate":"https:\/\/girobrokersgestions.com\/?s={search_term_string}"},"query-input":{"@type":"PropertyValueSpecification","valueRequired":true,"valueName":"search_term_string"}}],"inLanguage":"en-GB"},{"@type":"Organization","@id":"https:\/\/girobrokersgestions.com\/#organization","name":"Girobrokers Gestions","url":"https:\/\/girobrokersgestions.com\/","logo":{"@type":"ImageObject","inLanguage":"en-GB","@id":"https:\/\/girobrokersgestions.com\/#\/schema\/logo\/image\/","url":"https:\/\/girobrokersgestions.com\/wp-content\/uploads\/2025\/07\/cropped-Diseno-sin-titulo-e1752569496259-1.png","contentUrl":"https:\/\/girobrokersgestions.com\/wp-content\/uploads\/2025\/07\/cropped-Diseno-sin-titulo-e1752569496259-1.png","width":484,"height":138,"caption":"Girobrokers Gestions"},"image":{"@id":"https:\/\/girobrokersgestions.com\/#\/schema\/logo\/image\/"}}]}},"_links":{"self":[{"href":"https:\/\/girobrokersgestions.com\/en\/wp-json\/wp\/v2\/pages\/14","targetHints":{"allow":["GET"]}}],"collection":[{"href":"https:\/\/girobrokersgestions.com\/en\/wp-json\/wp\/v2\/pages"}],"about":[{"href":"https:\/\/girobrokersgestions.com\/en\/wp-json\/wp\/v2\/types\/page"}],"author":[{"embeddable":true,"href":"https:\/\/girobrokersgestions.com\/en\/wp-json\/wp\/v2\/users\/1"}],"replies":[{"embeddable":true,"href":"https:\/\/girobrokersgestions.com\/en\/wp-json\/wp\/v2\/comments?post=14"}],"version-history":[{"count":67,"href":"https:\/\/girobrokersgestions.com\/en\/wp-json\/wp\/v2\/pages\/14\/revisions"}],"predecessor-version":[{"id":578,"href":"https:\/\/girobrokersgestions.com\/en\/wp-json\/wp\/v2\/pages\/14\/revisions\/578"}],"wp:attachment":[{"href":"https:\/\/girobrokersgestions.com\/en\/wp-json\/wp\/v2\/media?parent=14"}],"curies":[{"name":"wp","href":"https:\/\/api.w.org\/{rel}","templated":true}]}}