{"id":2,"date":"2025-07-15T08:10:48","date_gmt":"2025-07-15T08:10:48","guid":{"rendered":"https:\/\/girobrokersgestions.rkinformatika.online\/?page_id=2"},"modified":"2025-07-22T06:43:45","modified_gmt":"2025-07-22T06:43:45","slug":"inicio","status":"publish","type":"page","link":"https:\/\/girobrokersgestions.com\/en\/","title":{"rendered":"Home"},"content":{"rendered":"\t\t<div data-elementor-type=\"wp-page\" data-elementor-id=\"2\" class=\"elementor elementor-2\" data-elementor-post-type=\"page\">\n\t\t\t\t<div class=\"elementor-element elementor-element-8920114 e-flex e-con-boxed e-con e-parent\" data-id=\"8920114\" data-element_type=\"container\" data-e-type=\"container\" data-settings=\"{&quot;background_background&quot;:&quot;slideshow&quot;,&quot;background_slideshow_gallery&quot;:[{&quot;id&quot;:278,&quot;url&quot;:&quot;https:\\\/\\\/girobrokersgestions.com\\\/wp-content\\\/uploads\\\/2025\\\/07\\\/closeup-real-estate-agent-using-calculator-while-his-client-is-signing-contract-scaled.jpg&quot;},{&quot;id&quot;:279,&quot;url&quot;:&quot;https:\\\/\\\/girobrokersgestions.com\\\/wp-content\\\/uploads\\\/2025\\\/07\\\/cooperation-analyst-chart-professional-paper-economics-scaled.jpg&quot;},{&quot;id&quot;:281,&quot;url&quot;:&quot;https:\\\/\\\/girobrokersgestions.com\\\/wp-content\\\/uploads\\\/2025\\\/07\\\/document-successful-unrecognizable-team-executive-1-scaled.jpg&quot;},{&quot;id&quot;:290,&quot;url&quot;:&quot;https:\\\/\\\/girobrokersgestions.com\\\/wp-content\\\/uploads\\\/2025\\\/07\\\/team-work-process-young-business-managers-crew-working-with-new-startup-project-laptop-wood-table-typing-keyboard-texting-message-analyse-graph-plans-1-scaled.jpg&quot;}],&quot;background_slideshow_loop&quot;:&quot;yes&quot;,&quot;background_slideshow_slide_duration&quot;:5000,&quot;background_slideshow_slide_transition&quot;:&quot;fade&quot;,&quot;background_slideshow_transition_duration&quot;:500}\">\n\t\t\t\t\t<div class=\"e-con-inner\">\n\t\t\t\t<div class=\"elementor-element elementor-element-854ba47 elementor-headline--style-highlight elementor-widget elementor-widget-animated-headline\" data-id=\"854ba47\" data-element_type=\"widget\" data-e-type=\"widget\" data-settings=\"{&quot;marker&quot;:&quot;underline&quot;,&quot;highlighted_text&quot;:&quot;Gestions&quot;,&quot;headline_style&quot;:&quot;highlight&quot;,&quot;loop&quot;:&quot;yes&quot;,&quot;highlight_animation_duration&quot;:1200,&quot;highlight_iteration_delay&quot;:8000}\" data-widget_type=\"animated-headline.default\">\n\t\t\t\t\t\t\t<h3 class=\"elementor-headline\">\n\t\t\t\t\t<span class=\"elementor-headline-plain-text elementor-headline-text-wrapper\">Girobrokers  <\/span>\n\t\t\t\t<span class=\"elementor-headline-dynamic-wrapper elementor-headline-text-wrapper\">\n\t\t\t\t\t<span class=\"elementor-headline-dynamic-text elementor-headline-text-active\">Gestions<\/span>\n\t\t\t\t<\/span>\n\t\t\t\t<\/h3>\n\t\t\t\t\t\t<\/div>\n\t\t\t\t<div class=\"elementor-element elementor-element-0bcbfd0 animated-slow elementor-invisible elementor-widget elementor-widget-text-editor\" data-id=\"0bcbfd0\" data-element_type=\"widget\" data-e-type=\"widget\" data-settings=\"{&quot;_animation&quot;:&quot;fadeInLeft&quot;}\" data-widget_type=\"text-editor.default\">\n\t\t\t\t\t\t\t\t\t<p>Asesor\u00eda fiscal, laboral, contable y gestor\u00eda.<\/p>\t\t\t\t\t\t\t\t<\/div>\n\t\t\t\t<div class=\"elementor-element elementor-element-beafba0 elementor-align-center animated-slow elementor-invisible elementor-widget elementor-widget-button\" data-id=\"beafba0\" data-element_type=\"widget\" data-e-type=\"widget\" data-settings=\"{&quot;_animation&quot;:&quot;fadeInLeft&quot;}\" data-widget_type=\"button.default\">\n\t\t\t\t\t\t\t\t\t\t<a class=\"elementor-button elementor-button-link elementor-size-sm\" href=\"\/contacto\">\n\t\t\t\t\t\t<span class=\"elementor-button-content-wrapper\">\n\t\t\t\t\t\t\t\t\t<span class=\"elementor-button-text\">contactanos<\/span>\n\t\t\t\t\t<\/span>\n\t\t\t\t\t<\/a>\n\t\t\t\t\t\t\t\t<\/div>\n\t\t\t\t\t<\/div>\n\t\t\t\t<\/div>\n\t\t<div class=\"elementor-element elementor-element-dd6d381 e-flex e-con-boxed e-con e-parent\" data-id=\"dd6d381\" data-element_type=\"container\" data-e-type=\"container\">\n\t\t\t\t\t<div class=\"e-con-inner\">\n\t\t<div class=\"elementor-element elementor-element-bebbd9b e-con-full e-flex e-con e-child\" data-id=\"bebbd9b\" data-element_type=\"container\" data-e-type=\"container\">\n\t\t\t\t<div class=\"elementor-element elementor-element-26b7645 elementor-widget elementor-widget-heading\" data-id=\"26b7645\" data-element_type=\"widget\" data-e-type=\"widget\" data-widget_type=\"heading.default\">\n\t\t\t\t\t<h2 class=\"elementor-heading-title elementor-size-default\">Sobre nosotros<\/h2>\t\t\t\t<\/div>\n\t\t\t\t<div class=\"elementor-element elementor-element-a7afb7b elementor-widget elementor-widget-text-editor\" data-id=\"a7afb7b\" data-element_type=\"widget\" data-e-type=\"widget\" data-widget_type=\"text-editor.default\">\n\t\t\t\t\t\t\t\t\t<p>Girobrokers Gestions naci\u00f3 con el objetivo de ofrecer un servicio cercano, profesional y de confianza en el \u00e1mbito de la asesor\u00eda fiscal, laboral, contable y de gestor\u00eda. Con una trayectoria construida sobre la experiencia y la dedicaci\u00f3n, hemos ido ampliando nuestros servicios para dar respuesta a las necesidades de particulares, aut\u00f3nomos y empresas.<\/p><p>Nuestro compromiso es ofrecer soluciones eficientes y personalizadas, acompa\u00f1ando a nuestros clientes en la gesti\u00f3n diaria y en la toma de decisiones importantes.<\/p>\t\t\t\t\t\t\t\t<\/div>\n\t\t\t\t<\/div>\n\t\t<div class=\"elementor-element elementor-element-f15bdf2 e-con-full e-flex e-con e-child\" data-id=\"f15bdf2\" data-element_type=\"container\" data-e-type=\"container\">\n\t\t\t\t<div class=\"elementor-element elementor-element-0ba0840 elementor-widget elementor-widget-image\" data-id=\"0ba0840\" data-element_type=\"widget\" data-e-type=\"widget\" data-widget_type=\"image.default\">\n\t\t\t\t\t\t\t\t\t\t\t\t\t\t\t<img fetchpriority=\"high\" decoding=\"async\" width=\"2048\" height=\"1365\" src=\"https:\/\/girobrokersgestions.com\/wp-content\/uploads\/2025\/07\/manager-consulting-business-people-tablet-airport-global-invest-strategy-finance-growth-financial-review-teamwork-lobby-social-media-data-analysis-economy-research-blog-2048x1365.jpg\" class=\"attachment-2048x2048 size-2048x2048 wp-image-283\" alt=\"\" srcset=\"https:\/\/girobrokersgestions.com\/wp-content\/uploads\/2025\/07\/manager-consulting-business-people-tablet-airport-global-invest-strategy-finance-growth-financial-review-teamwork-lobby-social-media-data-analysis-economy-research-blog-2048x1365.jpg 2048w, https:\/\/girobrokersgestions.com\/wp-content\/uploads\/2025\/07\/manager-consulting-business-people-tablet-airport-global-invest-strategy-finance-growth-financial-review-teamwork-lobby-social-media-data-analysis-economy-research-blog-300x200.jpg 300w, https:\/\/girobrokersgestions.com\/wp-content\/uploads\/2025\/07\/manager-consulting-business-people-tablet-airport-global-invest-strategy-finance-growth-financial-review-teamwork-lobby-social-media-data-analysis-economy-research-blog-1024x683.jpg 1024w, https:\/\/girobrokersgestions.com\/wp-content\/uploads\/2025\/07\/manager-consulting-business-people-tablet-airport-global-invest-strategy-finance-growth-financial-review-teamwork-lobby-social-media-data-analysis-economy-research-blog-768x512.jpg 768w, https:\/\/girobrokersgestions.com\/wp-content\/uploads\/2025\/07\/manager-consulting-business-people-tablet-airport-global-invest-strategy-finance-growth-financial-review-teamwork-lobby-social-media-data-analysis-economy-research-blog-1536x1024.jpg 1536w, https:\/\/girobrokersgestions.com\/wp-content\/uploads\/2025\/07\/manager-consulting-business-people-tablet-airport-global-invest-strategy-finance-growth-financial-review-teamwork-lobby-social-media-data-analysis-economy-research-blog-18x12.jpg 18w\" sizes=\"(max-width: 2048px) 100vw, 2048px\" \/>\t\t\t\t\t\t\t\t\t\t\t\t\t\t\t<\/div>\n\t\t\t\t<\/div>\n\t\t\t\t\t<\/div>\n\t\t\t\t<\/div>\n\t\t<div class=\"elementor-element elementor-element-7dc5795 e-flex e-con-boxed e-con e-parent\" data-id=\"7dc5795\" data-element_type=\"container\" data-e-type=\"container\" data-settings=\"{&quot;background_background&quot;:&quot;classic&quot;}\">\n\t\t\t\t\t<div class=\"e-con-inner\">\n\t\t\t\t<div class=\"elementor-element elementor-element-74f2d5f elementor-invisible elementor-widget elementor-widget-heading\" data-id=\"74f2d5f\" data-element_type=\"widget\" data-e-type=\"widget\" data-settings=\"{&quot;_animation&quot;:&quot;fadeInDown&quot;}\" data-widget_type=\"heading.default\">\n\t\t\t\t\t<h2 class=\"elementor-heading-title elementor-size-default\">\u00bfNecesitas ayuda con tu gesti\u00f3n fiscal, laboral o contable?<\/h2>\t\t\t\t<\/div>\n\t\t\t\t<div class=\"elementor-element elementor-element-b877b5b elementor-invisible elementor-widget elementor-widget-heading\" data-id=\"b877b5b\" data-element_type=\"widget\" data-e-type=\"widget\" data-settings=\"{&quot;_animation&quot;:&quot;fadeInUp&quot;}\" data-widget_type=\"heading.default\">\n\t\t\t\t\t<h2 class=\"elementor-heading-title elementor-size-default\">\u00a1Cont\u00e1ctanos y descubre c\u00f3mo podemos ayudarte!<\/h2>\t\t\t\t<\/div>\n\t\t\t\t\t<\/div>\n\t\t\t\t<\/div>\n\t\t<div class=\"elementor-element elementor-element-ce4d9f9 e-flex e-con-boxed e-con e-parent\" data-id=\"ce4d9f9\" data-element_type=\"container\" data-e-type=\"container\">\n\t\t\t\t\t<div class=\"e-con-inner\">\n\t\t<div class=\"elementor-element elementor-element-4a75867 e-con-full e-flex e-con e-child\" data-id=\"4a75867\" data-element_type=\"container\" data-e-type=\"container\">\n\t\t\t\t<div class=\"elementor-element elementor-element-8fb92e1 elementor-widget elementor-widget-heading\" data-id=\"8fb92e1\" data-element_type=\"widget\" data-e-type=\"widget\" data-widget_type=\"heading.default\">\n\t\t\t\t\t<h2 class=\"elementor-heading-title elementor-size-default\">Nuestros Servicios<\/h2>\t\t\t\t<\/div>\n\t\t\t\t<\/div>\n\t\t<div class=\"elementor-element elementor-element-d4f7382 e-con-full e-flex e-con e-child\" data-id=\"d4f7382\" data-element_type=\"container\" data-e-type=\"container\">\n\t\t<div class=\"elementor-element elementor-element-58d8f20 e-con-full e-flex e-con e-child\" data-id=\"58d8f20\" data-element_type=\"container\" data-e-type=\"container\">\n\t\t\t\t<div class=\"elementor-element elementor-element-bac5206 elementor-align-justify animated-slow elementor-invisible elementor-widget elementor-widget-button\" data-id=\"bac5206\" data-element_type=\"widget\" data-e-type=\"widget\" data-settings=\"{&quot;_animation&quot;:&quot;fadeInLeft&quot;}\" data-widget_type=\"button.default\">\n\t\t\t\t\t\t\t\t\t\t<a class=\"elementor-button elementor-size-sm\" role=\"button\">\n\t\t\t\t\t\t<span class=\"elementor-button-content-wrapper\">\n\t\t\t\t\t\t\t\t\t<span class=\"elementor-button-text\">Asesor\u00eda Fiscal<\/span>\n\t\t\t\t\t<\/span>\n\t\t\t\t\t<\/a>\n\t\t\t\t\t\t\t\t<\/div>\n\t\t\t\t<\/div>\n\t\t<div class=\"elementor-element elementor-element-e60bf00 e-con-full e-flex e-con e-child\" data-id=\"e60bf00\" data-element_type=\"container\" data-e-type=\"container\">\n\t\t\t\t<div class=\"elementor-element elementor-element-a4a831f elementor-align-justify animated-slow elementor-invisible elementor-widget elementor-widget-button\" data-id=\"a4a831f\" data-element_type=\"widget\" data-e-type=\"widget\" data-settings=\"{&quot;_animation&quot;:&quot;fadeInDown&quot;}\" data-widget_type=\"button.default\">\n\t\t\t\t\t\t\t\t\t\t<a class=\"elementor-button elementor-size-sm\" role=\"button\">\n\t\t\t\t\t\t<span class=\"elementor-button-content-wrapper\">\n\t\t\t\t\t\t\t\t\t<span class=\"elementor-button-text\">Asesor\u00eda Laboral<\/span>\n\t\t\t\t\t<\/span>\n\t\t\t\t\t<\/a>\n\t\t\t\t\t\t\t\t<\/div>\n\t\t\t\t<\/div>\n\t\t<div class=\"elementor-element elementor-element-5e629a3 e-con-full e-flex e-con e-child\" data-id=\"5e629a3\" data-element_type=\"container\" data-e-type=\"container\">\n\t\t\t\t<div class=\"elementor-element elementor-element-ca269e6 elementor-align-justify animated-slow elementor-invisible elementor-widget elementor-widget-button\" data-id=\"ca269e6\" data-element_type=\"widget\" data-e-type=\"widget\" data-settings=\"{&quot;_animation&quot;:&quot;fadeInRight&quot;}\" data-widget_type=\"button.default\">\n\t\t\t\t\t\t\t\t\t\t<a class=\"elementor-button elementor-size-sm\" role=\"button\">\n\t\t\t\t\t\t<span class=\"elementor-button-content-wrapper\">\n\t\t\t\t\t\t\t\t\t<span class=\"elementor-button-text\">Asesor\u00eda Contable<\/span>\n\t\t\t\t\t<\/span>\n\t\t\t\t\t<\/a>\n\t\t\t\t\t\t\t\t<\/div>\n\t\t\t\t<\/div>\n\t\t<div class=\"elementor-element elementor-element-7951bdd e-con-full e-flex e-con e-child\" data-id=\"7951bdd\" data-element_type=\"container\" data-e-type=\"container\">\n\t\t\t\t<div class=\"elementor-element elementor-element-06c7b16 elementor-align-justify animated-slow elementor-invisible elementor-widget elementor-widget-button\" data-id=\"06c7b16\" data-element_type=\"widget\" data-e-type=\"widget\" data-settings=\"{&quot;_animation&quot;:&quot;fadeInUp&quot;}\" data-widget_type=\"button.default\">\n\t\t\t\t\t\t\t\t\t\t<a class=\"elementor-button elementor-size-sm\" role=\"button\">\n\t\t\t\t\t\t<span class=\"elementor-button-content-wrapper\">\n\t\t\t\t\t\t\t\t\t<span class=\"elementor-button-text\">Asesor\u00eda Administrativa<\/span>\n\t\t\t\t\t<\/span>\n\t\t\t\t\t<\/a>\n\t\t\t\t\t\t\t\t<\/div>\n\t\t\t\t<\/div>\n\t\t<div class=\"elementor-element elementor-element-db47634 e-con-full e-flex e-con e-child\" data-id=\"db47634\" data-element_type=\"container\" data-e-type=\"container\">\n\t\t\t\t<div class=\"elementor-element elementor-element-a931fee elementor-align-justify animated-slow elementor-invisible elementor-widget elementor-widget-button\" data-id=\"a931fee\" data-element_type=\"widget\" data-e-type=\"widget\" data-settings=\"{&quot;_animation&quot;:&quot;fadeInUp&quot;,&quot;_animation_delay&quot;:200}\" data-widget_type=\"button.default\">\n\t\t\t\t\t\t\t\t\t\t<a class=\"elementor-button elementor-size-sm\" role=\"button\">\n\t\t\t\t\t\t<span class=\"elementor-button-content-wrapper\">\n\t\t\t\t\t\t\t\t\t<span class=\"elementor-button-text\">Atenci\u00f3n personalizada y consultor\u00eda<\/span>\n\t\t\t\t\t<\/span>\n\t\t\t\t\t<\/a>\n\t\t\t\t\t\t\t\t<\/div>\n\t\t\t\t<\/div>\n\t\t\t\t<\/div>\n\t\t\t\t\t<\/div>\n\t\t\t\t<\/div>\n\t\t\t\t<\/div>\n\t\t","protected":false},"excerpt":{"rendered":"<p>Girobrokers Gestions Asesor\u00eda fiscal, laboral, contable y gestor\u00eda. contactanos Sobre nosotros Girobrokers Gestions naci\u00f3 con el objetivo de ofrecer un servicio cercano, profesional y de confianza en el \u00e1mbito de la asesor\u00eda fiscal, laboral, contable y de gestor\u00eda. Con una trayectoria construida sobre la experiencia y la dedicaci\u00f3n, hemos ido ampliando nuestros servicios para dar [&hellip;]<\/p>\n","protected":false},"author":1,"featured_media":0,"parent":0,"menu_order":0,"comment_status":"closed","ping_status":"closed","template":"elementor_canvas","meta":{"footnotes":""},"class_list":["post-2","page","type-page","status-publish","hentry"],"yoast_head":"<!-- This site is optimized with the Yoast SEO plugin v27.3 - https:\/\/yoast.com\/product\/yoast-seo-wordpress\/ -->\n<title>Inicio - Girobrokers Gestions<\/title>\n<meta name=\"robots\" content=\"index, follow, max-snippet:-1, max-image-preview:large, max-video-preview:-1\" \/>\n<link rel=\"canonical\" href=\"https:\/\/girobrokersgestions.com\/en\/\" \/>\n<meta property=\"og:locale\" content=\"en_GB\" \/>\n<meta property=\"og:type\" content=\"article\" \/>\n<meta property=\"og:title\" content=\"Inicio - Girobrokers Gestions\" \/>\n<meta property=\"og:description\" content=\"Girobrokers Gestions Asesor\u00eda fiscal, laboral, contable y gestor\u00eda. contactanos Sobre nosotros Girobrokers Gestions naci\u00f3 con el objetivo de ofrecer un servicio cercano, profesional y de confianza en el \u00e1mbito de la asesor\u00eda fiscal, laboral, contable y de gestor\u00eda. Con una trayectoria construida sobre la experiencia y la dedicaci\u00f3n, hemos ido ampliando nuestros servicios para dar [&hellip;]\" \/>\n<meta property=\"og:url\" content=\"https:\/\/girobrokersgestions.com\/en\/\" \/>\n<meta property=\"og:site_name\" content=\"Girobrokers Gestions\" \/>\n<meta property=\"article:modified_time\" content=\"2025-07-22T06:43:45+00:00\" \/>\n<meta property=\"og:image\" content=\"https:\/\/girobrokersgestions.com\/wp-content\/uploads\/2025\/07\/manager-consulting-business-people-tablet-airport-global-invest-strategy-finance-growth-financial-review-teamwork-lobby-social-media-data-analysis-economy-research-blog-scaled.jpg\" \/>\n\t<meta property=\"og:image:width\" content=\"2560\" \/>\n\t<meta property=\"og:image:height\" content=\"1707\" \/>\n\t<meta property=\"og:image:type\" content=\"image\/jpeg\" \/>\n<meta name=\"twitter:card\" content=\"summary_large_image\" \/>\n<meta name=\"twitter:label1\" content=\"Estimated reading time\" \/>\n\t<meta name=\"twitter:data1\" content=\"1 minute\" \/>\n<script type=\"application\/ld+json\" class=\"yoast-schema-graph\">{\"@context\":\"https:\\\/\\\/schema.org\",\"@graph\":[{\"@type\":\"WebPage\",\"@id\":\"https:\\\/\\\/girobrokersgestions.com\\\/\",\"url\":\"https:\\\/\\\/girobrokersgestions.com\\\/\",\"name\":\"Inicio - Girobrokers Gestions\",\"isPartOf\":{\"@id\":\"https:\\\/\\\/girobrokersgestions.com\\\/#website\"},\"primaryImageOfPage\":{\"@id\":\"https:\\\/\\\/girobrokersgestions.com\\\/#primaryimage\"},\"image\":{\"@id\":\"https:\\\/\\\/girobrokersgestions.com\\\/#primaryimage\"},\"thumbnailUrl\":\"https:\\\/\\\/girobrokersgestions.com\\\/wp-content\\\/uploads\\\/2025\\\/07\\\/manager-consulting-business-people-tablet-airport-global-invest-strategy-finance-growth-financial-review-teamwork-lobby-social-media-data-analysis-economy-research-blog-2048x1365.jpg\",\"datePublished\":\"2025-07-15T08:10:48+00:00\",\"dateModified\":\"2025-07-22T06:43:45+00:00\",\"breadcrumb\":{\"@id\":\"https:\\\/\\\/girobrokersgestions.com\\\/#breadcrumb\"},\"inLanguage\":\"en-GB\",\"potentialAction\":[{\"@type\":\"ReadAction\",\"target\":[\"https:\\\/\\\/girobrokersgestions.com\\\/\"]}]},{\"@type\":\"ImageObject\",\"inLanguage\":\"en-GB\",\"@id\":\"https:\\\/\\\/girobrokersgestions.com\\\/#primaryimage\",\"url\":\"https:\\\/\\\/girobrokersgestions.com\\\/wp-content\\\/uploads\\\/2025\\\/07\\\/manager-consulting-business-people-tablet-airport-global-invest-strategy-finance-growth-financial-review-teamwork-lobby-social-media-data-analysis-economy-research-blog-2048x1365.jpg\",\"contentUrl\":\"https:\\\/\\\/girobrokersgestions.com\\\/wp-content\\\/uploads\\\/2025\\\/07\\\/manager-consulting-business-people-tablet-airport-global-invest-strategy-finance-growth-financial-review-teamwork-lobby-social-media-data-analysis-economy-research-blog-2048x1365.jpg\"},{\"@type\":\"BreadcrumbList\",\"@id\":\"https:\\\/\\\/girobrokersgestions.com\\\/#breadcrumb\",\"itemListElement\":[{\"@type\":\"ListItem\",\"position\":1,\"name\":\"Portada\",\"item\":\"https:\\\/\\\/girobrokersgestions.com\\\/\"},{\"@type\":\"ListItem\",\"position\":2,\"name\":\"Inicio\"}]},{\"@type\":\"WebSite\",\"@id\":\"https:\\\/\\\/girobrokersgestions.com\\\/#website\",\"url\":\"https:\\\/\\\/girobrokersgestions.com\\\/\",\"name\":\"Girobrokers Gestions\",\"description\":\"\",\"publisher\":{\"@id\":\"https:\\\/\\\/girobrokersgestions.com\\\/#organization\"},\"potentialAction\":[{\"@type\":\"SearchAction\",\"target\":{\"@type\":\"EntryPoint\",\"urlTemplate\":\"https:\\\/\\\/girobrokersgestions.com\\\/?s={search_term_string}\"},\"query-input\":{\"@type\":\"PropertyValueSpecification\",\"valueRequired\":true,\"valueName\":\"search_term_string\"}}],\"inLanguage\":\"en-GB\"},{\"@type\":\"Organization\",\"@id\":\"https:\\\/\\\/girobrokersgestions.com\\\/#organization\",\"name\":\"Girobrokers Gestions\",\"url\":\"https:\\\/\\\/girobrokersgestions.com\\\/\",\"logo\":{\"@type\":\"ImageObject\",\"inLanguage\":\"en-GB\",\"@id\":\"https:\\\/\\\/girobrokersgestions.com\\\/#\\\/schema\\\/logo\\\/image\\\/\",\"url\":\"https:\\\/\\\/girobrokersgestions.com\\\/wp-content\\\/uploads\\\/2025\\\/07\\\/cropped-Diseno-sin-titulo-e1752569496259-1.png\",\"contentUrl\":\"https:\\\/\\\/girobrokersgestions.com\\\/wp-content\\\/uploads\\\/2025\\\/07\\\/cropped-Diseno-sin-titulo-e1752569496259-1.png\",\"width\":484,\"height\":138,\"caption\":\"Girobrokers Gestions\"},\"image\":{\"@id\":\"https:\\\/\\\/girobrokersgestions.com\\\/#\\\/schema\\\/logo\\\/image\\\/\"}}]}<\/script>\n<!-- \/ Yoast SEO plugin. -->","yoast_head_json":{"title":"Inicio - Girobrokers Gestions","robots":{"index":"index","follow":"follow","max-snippet":"max-snippet:-1","max-image-preview":"max-image-preview:large","max-video-preview":"max-video-preview:-1"},"canonical":"https:\/\/girobrokersgestions.com\/en\/","og_locale":"en_GB","og_type":"article","og_title":"Inicio - Girobrokers Gestions","og_description":"Girobrokers Gestions Asesor\u00eda fiscal, laboral, contable y gestor\u00eda. contactanos Sobre nosotros Girobrokers Gestions naci\u00f3 con el objetivo de ofrecer un servicio cercano, profesional y de confianza en el \u00e1mbito de la asesor\u00eda fiscal, laboral, contable y de gestor\u00eda. Con una trayectoria construida sobre la experiencia y la dedicaci\u00f3n, hemos ido ampliando nuestros servicios para dar [&hellip;]","og_url":"https:\/\/girobrokersgestions.com\/en\/","og_site_name":"Girobrokers Gestions","article_modified_time":"2025-07-22T06:43:45+00:00","og_image":[{"width":2560,"height":1707,"url":"https:\/\/girobrokersgestions.com\/wp-content\/uploads\/2025\/07\/manager-consulting-business-people-tablet-airport-global-invest-strategy-finance-growth-financial-review-teamwork-lobby-social-media-data-analysis-economy-research-blog-scaled.jpg","type":"image\/jpeg"}],"twitter_card":"summary_large_image","twitter_misc":{"Estimated reading time":"1 minute"},"schema":{"@context":"https:\/\/schema.org","@graph":[{"@type":"WebPage","@id":"https:\/\/girobrokersgestions.com\/","url":"https:\/\/girobrokersgestions.com\/","name":"Inicio - Girobrokers Gestions","isPartOf":{"@id":"https:\/\/girobrokersgestions.com\/#website"},"primaryImageOfPage":{"@id":"https:\/\/girobrokersgestions.com\/#primaryimage"},"image":{"@id":"https:\/\/girobrokersgestions.com\/#primaryimage"},"thumbnailUrl":"https:\/\/girobrokersgestions.com\/wp-content\/uploads\/2025\/07\/manager-consulting-business-people-tablet-airport-global-invest-strategy-finance-growth-financial-review-teamwork-lobby-social-media-data-analysis-economy-research-blog-2048x1365.jpg","datePublished":"2025-07-15T08:10:48+00:00","dateModified":"2025-07-22T06:43:45+00:00","breadcrumb":{"@id":"https:\/\/girobrokersgestions.com\/#breadcrumb"},"inLanguage":"en-GB","potentialAction":[{"@type":"ReadAction","target":["https:\/\/girobrokersgestions.com\/"]}]},{"@type":"ImageObject","inLanguage":"en-GB","@id":"https:\/\/girobrokersgestions.com\/#primaryimage","url":"https:\/\/girobrokersgestions.com\/wp-content\/uploads\/2025\/07\/manager-consulting-business-people-tablet-airport-global-invest-strategy-finance-growth-financial-review-teamwork-lobby-social-media-data-analysis-economy-research-blog-2048x1365.jpg","contentUrl":"https:\/\/girobrokersgestions.com\/wp-content\/uploads\/2025\/07\/manager-consulting-business-people-tablet-airport-global-invest-strategy-finance-growth-financial-review-teamwork-lobby-social-media-data-analysis-economy-research-blog-2048x1365.jpg"},{"@type":"BreadcrumbList","@id":"https:\/\/girobrokersgestions.com\/#breadcrumb","itemListElement":[{"@type":"ListItem","position":1,"name":"Portada","item":"https:\/\/girobrokersgestions.com\/"},{"@type":"ListItem","position":2,"name":"Inicio"}]},{"@type":"WebSite","@id":"https:\/\/girobrokersgestions.com\/#website","url":"https:\/\/girobrokersgestions.com\/","name":"Girobrokers Gestions","description":"","publisher":{"@id":"https:\/\/girobrokersgestions.com\/#organization"},"potentialAction":[{"@type":"SearchAction","target":{"@type":"EntryPoint","urlTemplate":"https:\/\/girobrokersgestions.com\/?s={search_term_string}"},"query-input":{"@type":"PropertyValueSpecification","valueRequired":true,"valueName":"search_term_string"}}],"inLanguage":"en-GB"},{"@type":"Organization","@id":"https:\/\/girobrokersgestions.com\/#organization","name":"Girobrokers Gestions","url":"https:\/\/girobrokersgestions.com\/","logo":{"@type":"ImageObject","inLanguage":"en-GB","@id":"https:\/\/girobrokersgestions.com\/#\/schema\/logo\/image\/","url":"https:\/\/girobrokersgestions.com\/wp-content\/uploads\/2025\/07\/cropped-Diseno-sin-titulo-e1752569496259-1.png","contentUrl":"https:\/\/girobrokersgestions.com\/wp-content\/uploads\/2025\/07\/cropped-Diseno-sin-titulo-e1752569496259-1.png","width":484,"height":138,"caption":"Girobrokers Gestions"},"image":{"@id":"https:\/\/girobrokersgestions.com\/#\/schema\/logo\/image\/"}}]}},"_links":{"self":[{"href":"https:\/\/girobrokersgestions.com\/en\/wp-json\/wp\/v2\/pages\/2","targetHints":{"allow":["GET"]}}],"collection":[{"href":"https:\/\/girobrokersgestions.com\/en\/wp-json\/wp\/v2\/pages"}],"about":[{"href":"https:\/\/girobrokersgestions.com\/en\/wp-json\/wp\/v2\/types\/page"}],"author":[{"embeddable":true,"href":"https:\/\/girobrokersgestions.com\/en\/wp-json\/wp\/v2\/users\/1"}],"replies":[{"embeddable":true,"href":"https:\/\/girobrokersgestions.com\/en\/wp-json\/wp\/v2\/comments?post=2"}],"version-history":[{"count":193,"href":"https:\/\/girobrokersgestions.com\/en\/wp-json\/wp\/v2\/pages\/2\/revisions"}],"predecessor-version":[{"id":585,"href":"https:\/\/girobrokersgestions.com\/en\/wp-json\/wp\/v2\/pages\/2\/revisions\/585"}],"wp:attachment":[{"href":"https:\/\/girobrokersgestions.com\/en\/wp-json\/wp\/v2\/media?parent=2"}],"curies":[{"name":"wp","href":"https:\/\/api.w.org\/{rel}","templated":true}]}}